{"id":18140,"date":"2021-05-18T19:22:44","date_gmt":"2021-05-18T17:22:44","guid":{"rendered":"https:\/\/www.realestatesarajevo.com\/o-nama\/"},"modified":"2025-02-05T22:01:55","modified_gmt":"2025-02-05T20:01:55","slug":"o-nama","status":"publish","type":"page","link":"https:\/\/www.realestatesarajevo.com\/bs\/o-nama\/","title":{"rendered":"O Nama"},"content":{"rendered":"\n<p>\u0160ta mo\u017eemo re\u0107i o nama, a da ne zvu\u010di kao reklama? <\/p>\n\n\n\n<p>Mi smo va\u0161 najbolji izbor pri prometu nekretninama, bilo da se radi o iznajmljivanju, unajmljivanju, prodaji ili kupovini. Na\u0161i agenti za nekretnine su uvijek spremni da vam pomognu bez obzira na va\u0161a interesovanja; ku\u0107a, stan, apartman, poslovni prostor ili bilo koji drugi tip nekretnina. Mi smo agencija sastavljena od profesionalaca za nekretnine posve\u0107enih da naprave razliku integritetom, inovacijama, pa\u017enjom i odli\u010dno\u0161\u0107u. Svaki dan radimo sve vi\u0161e i vi\u0161e da dostignemo perfekcionizam i postignemo puno po\u0161tovanje i povjerenje drugih. U na\u0161oj ponudi imamo veliki broj nekretnina razli\u010ditih tipova: porodi\u010dnih ku\u0107a, vila, ljetnikovaca, stanova u ku\u0107ama i zgradama, poslovnih prostora, &#8230; Ako \u017eelite da promet va\u0161om nekretninom (iznajmljivanje, unajmljivanje, prodaja, kupovina) te\u010de glatko i zadovoljavaju\u0107e, obratite se nama. Agenti za nekretnine &#8220;Real Estate Group Sarajevo&#8221; su pravi ljudi za vas da vam pomognu da u\u010dinite taj korak.<\/p>\n\n\n\n<p><strong><em>Real Estate Group Sarajevo<\/em><\/strong><\/p>\n","protected":false},"excerpt":{"rendered":"<p>\u0160ta mo\u017eemo re\u0107i o nama, a da ne zvu\u010di kao reklama? Mi smo va\u0161 najbolji izbor pri prometu nekretninama, bilo da se radi o iznajmljivanju, unajmljivanju, prodaji ili kupovini. Na\u0161i agenti za nekretnine su uvijek spremni da vam pomognu bez obzira na va\u0161a interesovanja; ku\u0107a, stan, apartman, poslovni prostor ili bilo koji drugi tip nekretnina&#8230;.<\/p>\n","protected":false},"author":1,"featured_media":0,"parent":0,"menu_order":0,"comment_status":"closed","ping_status":"closed","template":"","meta":{"footnotes":""},"class_list":["post-18140","page","type-page","status-publish","hentry"],"yoast_head":"<!-- This site is optimized with the Yoast SEO plugin v27.5 - https:\/\/yoast.com\/product\/yoast-seo-wordpress\/ -->\n<title>O Nama - Real Estate Sarajevo<\/title>\n<meta name=\"robots\" content=\"index, follow, max-snippet:-1, max-image-preview:large, max-video-preview:-1\" \/>\n<link rel=\"canonical\" href=\"https:\/\/www.realestatesarajevo.com\/bs\/o-nama\/\" \/>\n<meta property=\"og:locale\" content=\"bs_BA\" \/>\n<meta property=\"og:type\" content=\"article\" \/>\n<meta property=\"og:title\" content=\"O Nama - Real Estate Sarajevo\" \/>\n<meta property=\"og:description\" content=\"\u0160ta mo\u017eemo re\u0107i o nama, a da ne zvu\u010di kao reklama? Mi smo va\u0161 najbolji izbor pri prometu nekretninama, bilo da se radi o iznajmljivanju, unajmljivanju, prodaji ili kupovini. Na\u0161i agenti za nekretnine su uvijek spremni da vam pomognu bez obzira na va\u0161a interesovanja; ku\u0107a, stan, apartman, poslovni prostor ili bilo koji drugi tip nekretnina....\" \/>\n<meta property=\"og:url\" content=\"https:\/\/www.realestatesarajevo.com\/bs\/o-nama\/\" \/>\n<meta property=\"og:site_name\" content=\"Real Estate Sarajevo\" \/>\n<meta property=\"article:modified_time\" content=\"2025-02-05T20:01:55+00:00\" \/>\n<meta name=\"twitter:card\" content=\"summary_large_image\" \/>\n<meta name=\"twitter:label1\" content=\"Est. reading time\" \/>\n\t<meta name=\"twitter:data1\" content=\"1 minuta\" \/>\n<script type=\"application\/ld+json\" class=\"yoast-schema-graph\">{\"@context\":\"https:\\\/\\\/schema.org\",\"@graph\":[{\"@type\":\"WebPage\",\"@id\":\"https:\\\/\\\/www.realestatesarajevo.com\\\/bs\\\/o-nama\\\/\",\"url\":\"https:\\\/\\\/www.realestatesarajevo.com\\\/bs\\\/o-nama\\\/\",\"name\":\"O Nama - Real Estate Sarajevo\",\"isPartOf\":{\"@id\":\"https:\\\/\\\/www.realestatesarajevo.com\\\/bs\\\/#website\"},\"datePublished\":\"2021-05-18T17:22:44+00:00\",\"dateModified\":\"2025-02-05T20:01:55+00:00\",\"breadcrumb\":{\"@id\":\"https:\\\/\\\/www.realestatesarajevo.com\\\/bs\\\/o-nama\\\/#breadcrumb\"},\"inLanguage\":\"bs-BA\",\"potentialAction\":[{\"@type\":\"ReadAction\",\"target\":[\"https:\\\/\\\/www.realestatesarajevo.com\\\/bs\\\/o-nama\\\/\"]}]},{\"@type\":\"BreadcrumbList\",\"@id\":\"https:\\\/\\\/www.realestatesarajevo.com\\\/bs\\\/o-nama\\\/#breadcrumb\",\"itemListElement\":[{\"@type\":\"ListItem\",\"position\":1,\"name\":\"Po\u010detna\",\"item\":\"https:\\\/\\\/www.realestatesarajevo.com\\\/bs\\\/\"},{\"@type\":\"ListItem\",\"position\":2,\"name\":\"O Nama\"}]},{\"@type\":\"WebSite\",\"@id\":\"https:\\\/\\\/www.realestatesarajevo.com\\\/bs\\\/#website\",\"url\":\"https:\\\/\\\/www.realestatesarajevo.com\\\/bs\\\/\",\"name\":\"Real Estate Sarajevo\",\"description\":\"No1 Real Estate in Sarajevo\",\"publisher\":{\"@id\":\"https:\\\/\\\/www.realestatesarajevo.com\\\/bs\\\/#organization\"},\"potentialAction\":[{\"@type\":\"SearchAction\",\"target\":{\"@type\":\"EntryPoint\",\"urlTemplate\":\"https:\\\/\\\/www.realestatesarajevo.com\\\/bs\\\/?s={search_term_string}\"},\"query-input\":{\"@type\":\"PropertyValueSpecification\",\"valueRequired\":true,\"valueName\":\"search_term_string\"}}],\"inLanguage\":\"bs-BA\"},{\"@type\":\"Organization\",\"@id\":\"https:\\\/\\\/www.realestatesarajevo.com\\\/bs\\\/#organization\",\"name\":\"Real Estate Sarajevo\",\"url\":\"https:\\\/\\\/www.realestatesarajevo.com\\\/bs\\\/\",\"logo\":{\"@type\":\"ImageObject\",\"inLanguage\":\"bs-BA\",\"@id\":\"https:\\\/\\\/www.realestatesarajevo.com\\\/bs\\\/#\\\/schema\\\/logo\\\/image\\\/\",\"url\":\"https:\\\/\\\/www.realestatesarajevo.com\\\/wp-content\\\/uploads\\\/2025\\\/02\\\/logo-2025-e.png\",\"contentUrl\":\"https:\\\/\\\/www.realestatesarajevo.com\\\/wp-content\\\/uploads\\\/2025\\\/02\\\/logo-2025-e.png\",\"width\":198,\"height\":100,\"caption\":\"Real Estate Sarajevo\"},\"image\":{\"@id\":\"https:\\\/\\\/www.realestatesarajevo.com\\\/bs\\\/#\\\/schema\\\/logo\\\/image\\\/\"}}]}<\/script>\n<!-- \/ Yoast SEO plugin. -->","yoast_head_json":{"title":"O Nama - Real Estate Sarajevo","robots":{"index":"index","follow":"follow","max-snippet":"max-snippet:-1","max-image-preview":"max-image-preview:large","max-video-preview":"max-video-preview:-1"},"canonical":"https:\/\/www.realestatesarajevo.com\/bs\/o-nama\/","og_locale":"bs_BA","og_type":"article","og_title":"O Nama - Real Estate Sarajevo","og_description":"\u0160ta mo\u017eemo re\u0107i o nama, a da ne zvu\u010di kao reklama? Mi smo va\u0161 najbolji izbor pri prometu nekretninama, bilo da se radi o iznajmljivanju, unajmljivanju, prodaji ili kupovini. Na\u0161i agenti za nekretnine su uvijek spremni da vam pomognu bez obzira na va\u0161a interesovanja; ku\u0107a, stan, apartman, poslovni prostor ili bilo koji drugi tip nekretnina....","og_url":"https:\/\/www.realestatesarajevo.com\/bs\/o-nama\/","og_site_name":"Real Estate Sarajevo","article_modified_time":"2025-02-05T20:01:55+00:00","twitter_card":"summary_large_image","twitter_misc":{"Est. reading time":"1 minuta"},"schema":{"@context":"https:\/\/schema.org","@graph":[{"@type":"WebPage","@id":"https:\/\/www.realestatesarajevo.com\/bs\/o-nama\/","url":"https:\/\/www.realestatesarajevo.com\/bs\/o-nama\/","name":"O Nama - Real Estate Sarajevo","isPartOf":{"@id":"https:\/\/www.realestatesarajevo.com\/bs\/#website"},"datePublished":"2021-05-18T17:22:44+00:00","dateModified":"2025-02-05T20:01:55+00:00","breadcrumb":{"@id":"https:\/\/www.realestatesarajevo.com\/bs\/o-nama\/#breadcrumb"},"inLanguage":"bs-BA","potentialAction":[{"@type":"ReadAction","target":["https:\/\/www.realestatesarajevo.com\/bs\/o-nama\/"]}]},{"@type":"BreadcrumbList","@id":"https:\/\/www.realestatesarajevo.com\/bs\/o-nama\/#breadcrumb","itemListElement":[{"@type":"ListItem","position":1,"name":"Po\u010detna","item":"https:\/\/www.realestatesarajevo.com\/bs\/"},{"@type":"ListItem","position":2,"name":"O Nama"}]},{"@type":"WebSite","@id":"https:\/\/www.realestatesarajevo.com\/bs\/#website","url":"https:\/\/www.realestatesarajevo.com\/bs\/","name":"Real Estate Sarajevo","description":"No1 Real Estate in Sarajevo","publisher":{"@id":"https:\/\/www.realestatesarajevo.com\/bs\/#organization"},"potentialAction":[{"@type":"SearchAction","target":{"@type":"EntryPoint","urlTemplate":"https:\/\/www.realestatesarajevo.com\/bs\/?s={search_term_string}"},"query-input":{"@type":"PropertyValueSpecification","valueRequired":true,"valueName":"search_term_string"}}],"inLanguage":"bs-BA"},{"@type":"Organization","@id":"https:\/\/www.realestatesarajevo.com\/bs\/#organization","name":"Real Estate Sarajevo","url":"https:\/\/www.realestatesarajevo.com\/bs\/","logo":{"@type":"ImageObject","inLanguage":"bs-BA","@id":"https:\/\/www.realestatesarajevo.com\/bs\/#\/schema\/logo\/image\/","url":"https:\/\/www.realestatesarajevo.com\/wp-content\/uploads\/2025\/02\/logo-2025-e.png","contentUrl":"https:\/\/www.realestatesarajevo.com\/wp-content\/uploads\/2025\/02\/logo-2025-e.png","width":198,"height":100,"caption":"Real Estate Sarajevo"},"image":{"@id":"https:\/\/www.realestatesarajevo.com\/bs\/#\/schema\/logo\/image\/"}}]}},"_links":{"self":[{"href":"https:\/\/www.realestatesarajevo.com\/bs\/wp-json\/wp\/v2\/pages\/18140","targetHints":{"allow":["GET"]}}],"collection":[{"href":"https:\/\/www.realestatesarajevo.com\/bs\/wp-json\/wp\/v2\/pages"}],"about":[{"href":"https:\/\/www.realestatesarajevo.com\/bs\/wp-json\/wp\/v2\/types\/page"}],"author":[{"embeddable":true,"href":"https:\/\/www.realestatesarajevo.com\/bs\/wp-json\/wp\/v2\/users\/1"}],"replies":[{"embeddable":true,"href":"https:\/\/www.realestatesarajevo.com\/bs\/wp-json\/wp\/v2\/comments?post=18140"}],"version-history":[{"count":4,"href":"https:\/\/www.realestatesarajevo.com\/bs\/wp-json\/wp\/v2\/pages\/18140\/revisions"}],"predecessor-version":[{"id":32624,"href":"https:\/\/www.realestatesarajevo.com\/bs\/wp-json\/wp\/v2\/pages\/18140\/revisions\/32624"}],"wp:attachment":[{"href":"https:\/\/www.realestatesarajevo.com\/bs\/wp-json\/wp\/v2\/media?parent=18140"}],"curies":[{"name":"wp","href":"https:\/\/api.w.org\/{rel}","templated":true}]}}